{"id":47,"date":"2016-11-04T17:30:18","date_gmt":"2016-11-04T16:30:18","guid":{"rendered":"http:\/\/relaunch.tsv-oberlenningen.de\/?page_id=47"},"modified":"2026-03-18T19:53:58","modified_gmt":"2026-03-18T18:53:58","slug":"geraeteturnen","status":"publish","type":"page","link":"https:\/\/tsv-oberlenningen.de\/wordpress\/abteilungen\/geraeteturnen\/","title":{"rendered":"Ger\u00e4teturnen"},"content":{"rendered":"<p>&lt;p&gt;<div class=\"flex_column av_one_full  flex_column_div first  \" style='padding:5px 5px 5px 15px ; background-color:#fcfcfc; border-radius:0px; '><p>&lt;br \/&gt;<section class=\"av_textblock_section \"  itemscope=\"itemscope\" itemtype=\"https:\/\/schema.org\/CreativeWork\" ><div class='avia_textblock  av_inherit_color '  style='color:#3b3b3b; '  itemprop=\"text\" ><p>&lt;br \/&gt;&lt;strong&gt;Willkommen beim\u00a0Ger\u00e4teturnen!&lt;\/strong&gt;Hast auch du Spa\u00df am Turnen an Gro\u00dfger\u00e4ten wie Reck, Barren, Stufenbarren, Schwebebalken, Boden\u00a0 oder Sprungger\u00e4ten wie Bock, Kasten oder dem Sprungtisch?Dann komm einfach direkt in eine der 3 Gruppen der Abteilung.&lt;br \/&gt;<\/p>\n<\/div><\/section>&lt;br \/&gt;<\/p><\/div><div class=\"flex_column av_one_full  flex_column_div av-zero-column-padding first  \" style='border-radius:0px; '><section class=\"av_textblock_section \"  itemscope=\"itemscope\" itemtype=\"https:\/\/schema.org\/CreativeWork\" ><div class='avia_textblock  av_inherit_color '  style='color:#3b3b3b; '  itemprop=\"text\" ><p>&lt;\/p&gt;<br \/>\n&lt;p&gt;&lt;\/p&gt;<br \/>\n&lt;p&gt;&lt;\/p&gt;<br \/>\n&lt;tbody&gt;<br \/>\n&lt;p&gt;&lt;\/p&gt;<br \/>\n&lt;tr&gt;<br \/>\n&lt;p&gt;&lt;\/p&gt;<br \/>\n&lt;td&gt;&lt;strong&gt;Gruppe&lt;\/strong&gt;&lt;\/td&gt;<br \/>\n&lt;p&gt;&lt;\/p&gt;<br \/>\n&lt;p&gt;&lt;\/p&gt;<br \/>\n&lt;td&gt;&lt;strong&gt;\u00dcbungsleiter&lt;\/strong&gt;&lt;\/td&gt;<br \/>\n&lt;p&gt;&lt;\/p&gt;<br \/>\n&lt;p&gt;&lt;\/p&gt;<br \/>\n&lt;td&gt;&lt;strong&gt;Tag\/Uhrzeit&lt;\/strong&gt;&lt;\/td&gt;<br \/>\n&lt;p&gt;&lt;\/p&gt;<br \/>\n&lt;p&gt;&lt;\/p&gt;<br \/>\n&lt;td&gt;&lt;strong&gt;Ort&lt;\/strong&gt;&lt;\/td&gt;<br \/>\n&lt;p&gt;&lt;\/p&gt;<br \/>\n&lt;\/tr&gt;<br \/>\n&lt;p&gt;&lt;\/p&gt;<br \/>\n&lt;\/tbody&gt;<br \/>\n&lt;p&gt;&lt;\/p&gt;<br \/>\n&lt;p&gt;&lt;\/p&gt;<br \/>\n&lt;tbody&gt;<br \/>\n&lt;p&gt;&lt;\/p&gt;<br \/>\n&lt;tr&gt;<br \/>\n&lt;p&gt;&lt;\/p&gt;<br \/>\n&lt;td&gt;Aktive&lt;\/td&gt;<br \/>\n&lt;p&gt;&lt;\/p&gt;<br \/>\n&lt;p&gt;&lt;\/p&gt;<br \/>\n&lt;td&gt;Ralf Ropella&lt;\/td&gt;<br \/>\n&lt;p&gt;&lt;\/p&gt;<br \/>\n&lt;p&gt;&lt;\/p&gt;<br \/>\n&lt;td&gt;Montag&lt;br \/&gt;20.30 &#8211; 22.00 Uhr&lt;\/td&gt;<br \/>\n&lt;p&gt;&lt;\/p&gt;<br \/>\n&lt;p&gt;&lt;\/p&gt;<br \/>\n&lt;td&gt;Sporthalle Lenningen&lt;\/td&gt;<br \/>\n&lt;p&gt;&lt;\/p&gt;<br \/>\n&lt;\/tr&gt;<br \/>\n&lt;p&gt;&lt;\/p&gt;<br \/>\n&lt;p&gt;&lt;\/p&gt;<br \/>\n&lt;tr&gt;<br \/>\n&lt;p&gt;&lt;\/p&gt;<br \/>\n&lt;td&gt;M\u00e4dchen (ab 5 Jahre)&lt;\/td&gt;<br \/>\n&lt;p&gt;&lt;\/p&gt;<br \/>\n&lt;p&gt;&lt;\/p&gt;<br \/>\n&lt;td&gt;Nina Deuschle&lt;\/td&gt;<br \/>\n&lt;p&gt;&lt;\/p&gt;<br \/>\n&lt;p&gt;&lt;\/p&gt;<br \/>\n&lt;td&gt;Montag:&lt;br \/&gt;18.00 &#8211; 20.00 Uhr&lt;br \/&gt;Mittwoch:&lt;br \/&gt;18.45 &#8211; 20.15 Uhr&lt;\/td&gt;<br \/>\n&lt;p&gt;&lt;\/p&gt;<br \/>\n&lt;p&gt;&lt;\/p&gt;<br \/>\n&lt;td&gt;Sulzburghalle Unterlenningen&lt;\/td&gt;<br \/>\n&lt;p&gt;&lt;\/p&gt;<br \/>\n&lt;\/tr&gt;<br \/>\n&lt;p&gt;&lt;\/p&gt;<br \/>\n&lt;\/tbody&gt;<br \/>\n&lt;p&gt;&lt;\/p&gt;<br \/>\n&lt;p&gt;&lt;\/p&gt;<br \/>\n&lt;p&gt;<\/p>\n<\/div><\/section><\/div><div class=\"flex_column av_one_full  flex_column_div first  \" style='padding:5px 5px 5px 15px ; background-color:#fcfcfc; border-radius:0px; '><p>&lt;br \/&gt;<section class=\"av_textblock_section \"  itemscope=\"itemscope\" itemtype=\"https:\/\/schema.org\/CreativeWork\" ><div class='avia_textblock  av_inherit_color '  style='color:#3b3b3b; '  itemprop=\"text\" ><p>&lt;br \/&gt;&lt;strong&gt;Abteilungsleiter\/in&lt;\/strong&gt;Nina DeuschleTelefon: 01522-1026377&lt;br \/&gt;<\/p>\n<\/div><\/section>&lt;br \/&gt;<\/p><\/div>&lt;\/p&gt;<\/p>\n","protected":false},"excerpt":{"rendered":"<p>&lt;p&gt;&lt;\/p&gt;<\/p>\n","protected":false},"author":1,"featured_media":0,"parent":37,"menu_order":0,"comment_status":"closed","ping_status":"closed","template":"","meta":[],"_links":{"self":[{"href":"https:\/\/tsv-oberlenningen.de\/wordpress\/wp-json\/wp\/v2\/pages\/47"}],"collection":[{"href":"https:\/\/tsv-oberlenningen.de\/wordpress\/wp-json\/wp\/v2\/pages"}],"about":[{"href":"https:\/\/tsv-oberlenningen.de\/wordpress\/wp-json\/wp\/v2\/types\/page"}],"author":[{"embeddable":true,"href":"https:\/\/tsv-oberlenningen.de\/wordpress\/wp-json\/wp\/v2\/users\/1"}],"replies":[{"embeddable":true,"href":"https:\/\/tsv-oberlenningen.de\/wordpress\/wp-json\/wp\/v2\/comments?post=47"}],"version-history":[{"count":10,"href":"https:\/\/tsv-oberlenningen.de\/wordpress\/wp-json\/wp\/v2\/pages\/47\/revisions"}],"predecessor-version":[{"id":1789,"href":"https:\/\/tsv-oberlenningen.de\/wordpress\/wp-json\/wp\/v2\/pages\/47\/revisions\/1789"}],"up":[{"embeddable":true,"href":"https:\/\/tsv-oberlenningen.de\/wordpress\/wp-json\/wp\/v2\/pages\/37"}],"wp:attachment":[{"href":"https:\/\/tsv-oberlenningen.de\/wordpress\/wp-json\/wp\/v2\/media?parent=47"}],"curies":[{"name":"wp","href":"https:\/\/api.w.org\/{rel}","templated":true}]}}