{"id":1541,"date":"2021-10-04T18:40:29","date_gmt":"2021-10-04T16:40:29","guid":{"rendered":"https:\/\/tsv-oberlenningen.de\/wordpress\/?page_id=1541"},"modified":"2025-07-18T14:39:47","modified_gmt":"2025-07-18T12:39:47","slug":"downloads","status":"publish","type":"page","link":"https:\/\/tsv-oberlenningen.de\/wordpress\/downloads\/","title":{"rendered":"Downloads"},"content":{"rendered":"\n<div class=\"wp-block-columns\"><\/div>\n\n\n\n<figure class=\"wp-block-table is-style-stripes\"><table><tbody><tr><td>Dokumente<\/td><\/tr><tr><td><a rel=\"noreferrer noopener\" href=\"https:\/\/tsv-oberlenningen.de\/wp-content\/uploads\/2016\/11\/tsvo-satzung.pdf\" target=\"_blank\">TSVO Satzung<\/a><br><a rel=\"noreferrer noopener\" href=\"https:\/\/tsv-oberlenningen.de\/wp-content\/uploads\/2021\/10\/Hygienekonzept_TSVO_21092021.pdf\" target=\"_blank\">Hygienekonzept<\/a><br><a rel=\"noreferrer noopener\" href=\"https:\/\/tsv-oberlenningen.de\/wp-content\/uploads\/2021\/10\/210915_Auf_einen_Blick_DE.pdf\" target=\"_blank\">Corona auf einen Blick<\/a><br><a rel=\"noreferrer noopener\" href=\"https:\/\/tsv-oberlenningen.de\/wp-content\/uploads\/2016\/11\/sepainfo.pdf\" target=\"_blank\">SEPA-Info<\/a><br><a rel=\"noreferrer noopener\" href=\"https:\/\/tsv-oberlenningen.de\/wp-content\/uploads\/2016\/11\/sepalast.pdf\" target=\"_blank\">Lastschriftmandat<\/a><br><a rel=\"noreferrer noopener\" href=\"https:\/\/tsv-oberlenningen.de\/wp-content\/uploads\/2016\/12\/Geschichte_TSVO.pdf\" target=\"_blank\">Die Geschichte des TSV Oberlenningen<\/a><br><a rel=\"noreferrer noopener\" href=\"https:\/\/tsv-oberlenningen.de\/wp-content\/uploads\/2018\/11\/181118_Einverst%C3%A4ndniserkl%C3%A4rung-Fotoaufnahmen-TSVOberlenningen.pdf\" target=\"_blank\">Einverst\u00e4ndniserkl\u00e4rung Fotoaufnahmen<\/a><br><a rel=\"noreferrer noopener\" href=\"https:\/\/tsv-oberlenningen.de\/wp-content\/uploads\/2018\/11\/TSVO-Datenschutzerkla%C3%8C-rung-2018-Final.pdf\" target=\"_blank\">Datenschutzerkl\u00e4rung<\/a><br><a href=\"https:\/\/tsv-oberlenningen.de\/wp-content\/uploads\/2024\/09\/Beitrittserklaerung-2024.pdf\" target=\"_blank\" rel=\"noreferrer noopener\">Beitrittserkl\u00e4rung<\/a><br><\/td><\/tr><\/tbody><\/table><\/figure>\n","protected":false},"excerpt":{"rendered":"<p>Dokumente TSVO SatzungHygienekonzeptCorona auf einen BlickSEPA-InfoLastschriftmandatDie Geschichte des TSV OberlenningenEinverst\u00e4ndniserkl\u00e4rung FotoaufnahmenDatenschutzerkl\u00e4rungBeitrittserkl\u00e4rung<\/p>\n","protected":false},"author":4,"featured_media":0,"parent":0,"menu_order":0,"comment_status":"closed","ping_status":"closed","template":"","meta":[],"_links":{"self":[{"href":"https:\/\/tsv-oberlenningen.de\/wordpress\/wp-json\/wp\/v2\/pages\/1541"}],"collection":[{"href":"https:\/\/tsv-oberlenningen.de\/wordpress\/wp-json\/wp\/v2\/pages"}],"about":[{"href":"https:\/\/tsv-oberlenningen.de\/wordpress\/wp-json\/wp\/v2\/types\/page"}],"author":[{"embeddable":true,"href":"https:\/\/tsv-oberlenningen.de\/wordpress\/wp-json\/wp\/v2\/users\/4"}],"replies":[{"embeddable":true,"href":"https:\/\/tsv-oberlenningen.de\/wordpress\/wp-json\/wp\/v2\/comments?post=1541"}],"version-history":[{"count":9,"href":"https:\/\/tsv-oberlenningen.de\/wordpress\/wp-json\/wp\/v2\/pages\/1541\/revisions"}],"predecessor-version":[{"id":1758,"href":"https:\/\/tsv-oberlenningen.de\/wordpress\/wp-json\/wp\/v2\/pages\/1541\/revisions\/1758"}],"wp:attachment":[{"href":"https:\/\/tsv-oberlenningen.de\/wordpress\/wp-json\/wp\/v2\/media?parent=1541"}],"curies":[{"name":"wp","href":"https:\/\/api.w.org\/{rel}","templated":true}]}}